{"id":6083,"date":"2024-04-05T21:01:47","date_gmt":"2024-04-05T21:01:47","guid":{"rendered":"https:\/\/techsoftyazilim.com.tr\/?page_id=6083"},"modified":"2024-04-05T21:17:36","modified_gmt":"2024-04-05T21:17:36","slug":"crm","status":"publish","type":"page","link":"https:\/\/techsoftyazilim.com.tr\/index.php\/crm\/","title":{"rendered":"Crm Y\u00f6netimi"},"content":{"rendered":"\n<div class=\"wp-block-columns is-layout-flex wp-container-core-columns-is-layout-9d6595d7 wp-block-columns-is-layout-flex\">\n<div class=\"wp-block-column is-layout-flow wp-block-column-is-layout-flow\" style=\"flex-basis:70%\">\n<figure class=\"wp-block-gallery has-nested-images columns-default is-cropped wp-block-gallery-1 is-layout-flex wp-block-gallery-is-layout-flex\">\n<figure class=\"wp-block-image size-large\"><img loading=\"lazy\" decoding=\"async\" width=\"1024\" height=\"768\" data-id=\"6087\" src=\"https:\/\/techsoftyazilim.com.tr\/wp-content\/uploads\/2024\/04\/crm.png\" alt=\"\" class=\"wp-image-6087\" srcset=\"https:\/\/techsoftyazilim.com.tr\/wp-content\/uploads\/2024\/04\/crm.png 1024w, https:\/\/techsoftyazilim.com.tr\/wp-content\/uploads\/2024\/04\/crm-300x225.png 300w, https:\/\/techsoftyazilim.com.tr\/wp-content\/uploads\/2024\/04\/crm-768x576.png 768w\" sizes=\"auto, (max-width: 1024px) 100vw, 1024px\" \/><\/figure>\n<\/figure>\n<\/div>\n\n\n\n<div class=\"wp-block-column is-layout-flow wp-block-column-is-layout-flow\" style=\"flex-basis:70%\">\n<figure class=\"wp-block-image size-full\"><img loading=\"lazy\" decoding=\"async\" width=\"1344\" height=\"896\" src=\"https:\/\/techsoftyazilim.com.tr\/wp-content\/uploads\/2024\/04\/Default_CRM_SOFTWARE_COMPANY_1.jpg\" alt=\"\" class=\"wp-image-6093\" srcset=\"https:\/\/techsoftyazilim.com.tr\/wp-content\/uploads\/2024\/04\/Default_CRM_SOFTWARE_COMPANY_1.jpg 1344w, https:\/\/techsoftyazilim.com.tr\/wp-content\/uploads\/2024\/04\/Default_CRM_SOFTWARE_COMPANY_1-300x200.jpg 300w, https:\/\/techsoftyazilim.com.tr\/wp-content\/uploads\/2024\/04\/Default_CRM_SOFTWARE_COMPANY_1-1024x683.jpg 1024w, https:\/\/techsoftyazilim.com.tr\/wp-content\/uploads\/2024\/04\/Default_CRM_SOFTWARE_COMPANY_1-768x512.jpg 768w, https:\/\/techsoftyazilim.com.tr\/wp-content\/uploads\/2024\/04\/Default_CRM_SOFTWARE_COMPANY_1-900x600.jpg 900w\" sizes=\"auto, (max-width: 1344px) 100vw, 1344px\" \/><\/figure>\n<\/div>\n<\/div>\n\n\n\n<p><\/p>\n\n\n\n<p><\/p>\n\n\n\n<p>CRM Y\u00d6NET\u0130M\u0130<\/p>\n\n\n\n<p>M\u00fc\u015fteri \u0130li\u015fkileri Y\u00f6netimi (CRM), bir \u015firketin m\u00fc\u015fteri ili\u015fkilerini y\u00f6netmek i\u00e7in kullan\u0131lan bir stratejidir ve bu stratejiyi desteklemek i\u00e7in tasarlanm\u0131\u015f yaz\u0131l\u0131m ve ara\u00e7lar b\u00fct\u00fcn\u00fcd\u00fcr. CRM, \u015firketlerin m\u00fc\u015fteri verilerini toplamas\u0131na, analiz etmesine ve kullanmas\u0131na olanak tan\u0131r, b\u00f6ylece daha iyi bir m\u00fc\u015fteri deneyimi sunabilir ve m\u00fc\u015fteri ili\u015fkilerini geli\u015ftirebilirler.<\/p>\n\n\n\n<p><strong>CRM\u2019nin \u00d6zellikleri:<\/strong><\/p>\n\n\n\n<ol class=\"wp-block-list\">\n<li><strong>M\u00fc\u015fteri Veri Y\u00f6netimi:<\/strong>&nbsp;CRM, m\u00fc\u015fteri ile ilgili t\u00fcm bilgileri merkezi bir veritaban\u0131nda saklar. Bu, m\u00fc\u015fteri ile ilgili ge\u00e7mi\u015f etkile\u015fimler, ileti\u015fim bilgileri, sat\u0131n alma ge\u00e7mi\u015fi ve di\u011fer \u00f6nemli bilgileri i\u00e7erir.<\/li>\n\n\n\n<li><strong>Sat\u0131\u015f Y\u00f6netimi:<\/strong>&nbsp;CRM, sat\u0131\u015f ekiplerinin m\u00fc\u015fteri ili\u015fkilerini daha etkin bir \u015fekilde y\u00f6netmesine yard\u0131mc\u0131 olur. Sat\u0131\u015f hunisi y\u00f6netimi, tekliflerin izlenmesi, sat\u0131\u015f f\u0131rsatlar\u0131n\u0131n y\u00f6netimi ve sat\u0131\u015f tahminleri gibi \u00f6zellikler sunar.<\/li>\n\n\n\n<li><strong>Pazarlama Otomasyonu:<\/strong>&nbsp;CRM, pazarlama faaliyetlerini otomatikle\u015ftirmek i\u00e7in kullan\u0131labilir. E-posta pazarlama, kampanya y\u00f6netimi, sosyal medya entegrasyonu ve di\u011fer pazarlama aktivitelerini destekleyebilir.<\/li>\n\n\n\n<li><strong>M\u00fc\u015fteri Deste\u011fi:<\/strong>&nbsp;CRM, m\u00fc\u015fteri hizmetleri ekiplerinin m\u00fc\u015fteri sorunlar\u0131n\u0131 daha etkin bir \u015fekilde y\u00f6netmesine yard\u0131mc\u0131 olabilir. M\u00fc\u015fteri taleplerinin izlenmesi, destek biletleri ve m\u00fc\u015fteri geri bildirimleri gibi \u00f6zellikler sunar.<\/li>\n\n\n\n<li><strong>Analiz ve Raporlama:<\/strong>&nbsp;CRM, \u015firketlerin m\u00fc\u015fteri verilerini analiz etmelerine ve raporlamalar olu\u015fturmalar\u0131na olanak tan\u0131r. Bu, sat\u0131\u015f performans\u0131n\u0131 izleme, m\u00fc\u015fteri davran\u0131\u015flar\u0131n\u0131 anlama ve i\u015fletme performans\u0131n\u0131 de\u011ferlendirme gibi i\u015flevleri i\u00e7erir.<\/li>\n<\/ol>\n\n\n\n<p><strong>CRM\u2019nin Faydalar\u0131:<\/strong><\/p>\n\n\n\n<ul class=\"wp-block-list\">\n<li>M\u00fc\u015fteri memnuniyetini art\u0131rma<\/li>\n\n\n\n<li>Sat\u0131\u015flar\u0131n art\u0131r\u0131lmas\u0131 ve gelirin art\u0131r\u0131lmas\u0131<\/li>\n\n\n\n<li>M\u00fc\u015fteri sadakatini geli\u015ftirme<\/li>\n\n\n\n<li>Sat\u0131\u015f s\u00fcre\u00e7lerinin iyile\u015ftirilmesi ve verimlili\u011fin art\u0131r\u0131lmas\u0131<\/li>\n\n\n\n<li>Pazarlama kampanyalar\u0131n\u0131n daha etkili bir \u015fekilde y\u00f6netilmesi<\/li>\n\n\n\n<li>\u0130\u015fletme performans\u0131n\u0131n izlenmesi ve analiz edilmesi<\/li>\n<\/ul>\n","protected":false},"excerpt":{"rendered":"<p>CRM Y\u00d6NET\u0130M\u0130 M\u00fc\u015fteri \u0130li\u015fkileri Y\u00f6netimi (CRM), bir \u015firketin m\u00fc\u015fteri ili\u015fkilerini y\u00f6netmek i\u00e7in kullan\u0131lan bir stratejidir&#8230;<\/p>\n","protected":false},"author":1,"featured_media":5988,"parent":0,"menu_order":0,"comment_status":"closed","ping_status":"closed","template":"","meta":{"footnotes":""},"class_list":["post-6083","page","type-page","status-publish","has-post-thumbnail"],"_links":{"self":[{"href":"https:\/\/techsoftyazilim.com.tr\/index.php\/wp-json\/wp\/v2\/pages\/6083","targetHints":{"allow":["GET"]}}],"collection":[{"href":"https:\/\/techsoftyazilim.com.tr\/index.php\/wp-json\/wp\/v2\/pages"}],"about":[{"href":"https:\/\/techsoftyazilim.com.tr\/index.php\/wp-json\/wp\/v2\/types\/page"}],"author":[{"embeddable":true,"href":"https:\/\/techsoftyazilim.com.tr\/index.php\/wp-json\/wp\/v2\/users\/1"}],"replies":[{"embeddable":true,"href":"https:\/\/techsoftyazilim.com.tr\/index.php\/wp-json\/wp\/v2\/comments?post=6083"}],"version-history":[{"count":5,"href":"https:\/\/techsoftyazilim.com.tr\/index.php\/wp-json\/wp\/v2\/pages\/6083\/revisions"}],"predecessor-version":[{"id":6094,"href":"https:\/\/techsoftyazilim.com.tr\/index.php\/wp-json\/wp\/v2\/pages\/6083\/revisions\/6094"}],"wp:featuredmedia":[{"embeddable":true,"href":"https:\/\/techsoftyazilim.com.tr\/index.php\/wp-json\/wp\/v2\/media\/5988"}],"wp:attachment":[{"href":"https:\/\/techsoftyazilim.com.tr\/index.php\/wp-json\/wp\/v2\/media?parent=6083"}],"curies":[{"name":"wp","href":"https:\/\/api.w.org\/{rel}","templated":true}]}}