{"id":6156,"date":"2026-04-17T16:55:00","date_gmt":"2026-04-17T16:55:00","guid":{"rendered":"https:\/\/techsoftyazilim.com.tr\/?page_id=6156"},"modified":"2026-04-17T21:18:02","modified_gmt":"2026-04-17T21:18:02","slug":"stok-yonetimi","status":"publish","type":"page","link":"https:\/\/techsoftyazilim.com.tr\/index.php\/stok-yonetimi\/","title":{"rendered":"Stok Y\u00f6netimi"},"content":{"rendered":"<div class=\"wp-block-image\">\n<figure class=\"aligncenter size-full is-resized\"><img loading=\"lazy\" decoding=\"async\" width=\"1024\" height=\"1024\" src=\"https:\/\/techsoftyazilim.com.tr\/wp-content\/uploads\/2026\/04\/ChatGPT-Image-17-Nis-2026-19_52_20.png\" alt=\"\" class=\"wp-image-6157\" style=\"width:492px;height:auto\" srcset=\"https:\/\/techsoftyazilim.com.tr\/wp-content\/uploads\/2026\/04\/ChatGPT-Image-17-Nis-2026-19_52_20.png 1024w, https:\/\/techsoftyazilim.com.tr\/wp-content\/uploads\/2026\/04\/ChatGPT-Image-17-Nis-2026-19_52_20-300x300.png 300w, https:\/\/techsoftyazilim.com.tr\/wp-content\/uploads\/2026\/04\/ChatGPT-Image-17-Nis-2026-19_52_20-150x150.png 150w, https:\/\/techsoftyazilim.com.tr\/wp-content\/uploads\/2026\/04\/ChatGPT-Image-17-Nis-2026-19_52_20-768x768.png 768w, https:\/\/techsoftyazilim.com.tr\/wp-content\/uploads\/2026\/04\/ChatGPT-Image-17-Nis-2026-19_52_20-100x100.png 100w, https:\/\/techsoftyazilim.com.tr\/wp-content\/uploads\/2026\/04\/ChatGPT-Image-17-Nis-2026-19_52_20-140x140.png 140w, https:\/\/techsoftyazilim.com.tr\/wp-content\/uploads\/2026\/04\/ChatGPT-Image-17-Nis-2026-19_52_20-500x500.png 500w, https:\/\/techsoftyazilim.com.tr\/wp-content\/uploads\/2026\/04\/ChatGPT-Image-17-Nis-2026-19_52_20-350x350.png 350w, https:\/\/techsoftyazilim.com.tr\/wp-content\/uploads\/2026\/04\/ChatGPT-Image-17-Nis-2026-19_52_20-1000x1000.png 1000w, https:\/\/techsoftyazilim.com.tr\/wp-content\/uploads\/2026\/04\/ChatGPT-Image-17-Nis-2026-19_52_20-800x800.png 800w\" sizes=\"auto, (max-width: 1024px) 100vw, 1024px\" \/><\/figure>\n<\/div>\n\n\n<p><strong>Likom Presto XL Stok Y\u00f6netimi ile;<\/strong><\/p>\n\n\n\n<ul class=\"wp-block-list\">\n<li>Hammadde, \u00fcr\u00fcn, ara \u00fcr\u00fcn, ticari mal ve malzeme al\u0131\u015f ve sat\u0131\u015f i\u015flemleri d\u0131\u015f\u0131nda iade, ithalat \/ ihracat, fason, hurda ya da dahili kullan\u0131m gibi t\u00fcm Giri\u015f \u2013 \u00c7\u0131k\u0131\u015f i\u015flemlerinin TL ya da istenilen d\u00f6viz cinslerine g\u00f6re yap\u0131larak ilgili raporlar al\u0131nabilir,<\/li>\n\n\n\n<li>Stok maliyetlerinin; Son Giren \u0130lk \u00c7\u0131kar ( LIFO ), \u0130lk Giren \u0130lk \u00c7\u0131kar ( FIFO ), Y\u00fcr\u00fcyen Ortalama Maliyet, Aritmetik Ortalama<\/li>\n\n\n\n<li>Maliyet veya Ay Kapama Maliyet Sistemlerine g\u00f6re hesaplanarak anl\u0131k izlenir,<\/li>\n\n\n\n<li>Fiyat fark\u0131, vade fark\u0131 ve kur fark\u0131ndan do\u011fan maliyet art\u0131\u015f ve azal\u0131\u015flar\u0131n\u0131n mal\u0131n maliyetine yans\u0131t\u0131l\u0131r,<\/li>\n\n\n\n<li>Teklif, Sipari\u015f, Stok Hareketi, Depo Transferi ve Fatura belgelerinde de\u011fi\u015fken \u00f6l\u00e7\u00fc de\u011ferleri girilebilir ve girilen bu \u00f6l\u00e7\u00fc de\u011ferlerine g\u00f6re alan, hacim, a\u011f\u0131rl\u0131k gibi hesaplamalar\u0131 yap\u0131labilir ve bu de\u011ferler belgelerin \u00e7\u0131kt\u0131lar\u0131nda g\u00f6sterilebilir,<\/li>\n\n\n\n<li>Stok i\u015flemleri s\u0131ras\u0131nda \u00fcr\u00fcn kartlar\u0131nda tan\u0131mlanan kriterlere ba\u011fl\u0131 olarak uyar\u0131, seviye tan\u0131mlar\u0131na ba\u011fl\u0131 olarak da hareket engelleme fonksiyonlar\u0131 kullan\u0131l\u0131r,<\/li>\n\n\n\n<li>Depozitolu \u00fcr\u00fcn, Stok Set, Seri \/ Lot ve Dinamik Kod takibinin yap\u0131labilir,<\/li>\n\n\n\n<li>Ayn\u0131 Stok hareketlerinde tek depoya veya birden fazla depoya \u00fcr\u00fcn giri\u015f- \u00e7\u0131k\u0131\u015f i\u015flemlerinin ger\u00e7ekle\u015ftirilir,<\/li>\n\n\n\n<li>Stok hareketlerinde tan\u0131mlanabilen form\u00fcllere g\u00f6re esnek sat\u0131\u015f fiyat\u0131 ve iskonto belirlenebilir, form\u00fcllere g\u00f6re miktar hesaplanabilir,<\/li>\n\n\n\n<li>S\u0131n\u0131rs\u0131z say\u0131da depo kart\u0131 a\u00e7\u0131larak, depolar aras\u0131 \u00fcr\u00fcn giri\u015f-\u00e7\u0131k\u0131\u015f i\u015flemleri ile bedelsiz mal giri\u015f- \u00e7\u0131k\u0131\u015f i\u015flemlerinin takibi yap\u0131l\u0131r.<\/li>\n<\/ul>\n","protected":false},"excerpt":{"rendered":"<p>Likom Presto XL Stok Y\u00f6netimi ile;<\/p>\n","protected":false},"author":1,"featured_media":0,"parent":0,"menu_order":0,"comment_status":"closed","ping_status":"closed","template":"","meta":{"footnotes":""},"class_list":["post-6156","page","type-page","status-publish"],"_links":{"self":[{"href":"https:\/\/techsoftyazilim.com.tr\/index.php\/wp-json\/wp\/v2\/pages\/6156","targetHints":{"allow":["GET"]}}],"collection":[{"href":"https:\/\/techsoftyazilim.com.tr\/index.php\/wp-json\/wp\/v2\/pages"}],"about":[{"href":"https:\/\/techsoftyazilim.com.tr\/index.php\/wp-json\/wp\/v2\/types\/page"}],"author":[{"embeddable":true,"href":"https:\/\/techsoftyazilim.com.tr\/index.php\/wp-json\/wp\/v2\/users\/1"}],"replies":[{"embeddable":true,"href":"https:\/\/techsoftyazilim.com.tr\/index.php\/wp-json\/wp\/v2\/comments?post=6156"}],"version-history":[{"count":2,"href":"https:\/\/techsoftyazilim.com.tr\/index.php\/wp-json\/wp\/v2\/pages\/6156\/revisions"}],"predecessor-version":[{"id":6165,"href":"https:\/\/techsoftyazilim.com.tr\/index.php\/wp-json\/wp\/v2\/pages\/6156\/revisions\/6165"}],"wp:attachment":[{"href":"https:\/\/techsoftyazilim.com.tr\/index.php\/wp-json\/wp\/v2\/media?parent=6156"}],"curies":[{"name":"wp","href":"https:\/\/api.w.org\/{rel}","templated":true}]}}