{"id":6167,"date":"2026-04-17T23:15:14","date_gmt":"2026-04-17T23:15:14","guid":{"rendered":"https:\/\/techsoftyazilim.com.tr\/?page_id=6167"},"modified":"2026-04-17T23:40:13","modified_gmt":"2026-04-17T23:40:13","slug":"satin-alma-yazilimi","status":"publish","type":"page","link":"https:\/\/techsoftyazilim.com.tr\/index.php\/satin-alma-yazilimi\/","title":{"rendered":"Sat\u0131n Alma Yaz\u0131l\u0131m\u0131"},"content":{"rendered":"<div class=\"wp-block-image\">\n<figure class=\"aligncenter size-full is-resized\"><img loading=\"lazy\" decoding=\"async\" width=\"1024\" height=\"1024\" src=\"https:\/\/techsoftyazilim.com.tr\/wp-content\/uploads\/2026\/04\/ChatGPT-Image-18-Nis-2026-02_40_42.png\" alt=\"\" class=\"wp-image-6186\" style=\"width:456px;height:auto\" srcset=\"https:\/\/techsoftyazilim.com.tr\/wp-content\/uploads\/2026\/04\/ChatGPT-Image-18-Nis-2026-02_40_42.png 1024w, https:\/\/techsoftyazilim.com.tr\/wp-content\/uploads\/2026\/04\/ChatGPT-Image-18-Nis-2026-02_40_42-300x300.png 300w, https:\/\/techsoftyazilim.com.tr\/wp-content\/uploads\/2026\/04\/ChatGPT-Image-18-Nis-2026-02_40_42-150x150.png 150w, https:\/\/techsoftyazilim.com.tr\/wp-content\/uploads\/2026\/04\/ChatGPT-Image-18-Nis-2026-02_40_42-768x768.png 768w, https:\/\/techsoftyazilim.com.tr\/wp-content\/uploads\/2026\/04\/ChatGPT-Image-18-Nis-2026-02_40_42-100x100.png 100w, https:\/\/techsoftyazilim.com.tr\/wp-content\/uploads\/2026\/04\/ChatGPT-Image-18-Nis-2026-02_40_42-140x140.png 140w, https:\/\/techsoftyazilim.com.tr\/wp-content\/uploads\/2026\/04\/ChatGPT-Image-18-Nis-2026-02_40_42-500x500.png 500w, https:\/\/techsoftyazilim.com.tr\/wp-content\/uploads\/2026\/04\/ChatGPT-Image-18-Nis-2026-02_40_42-350x350.png 350w, https:\/\/techsoftyazilim.com.tr\/wp-content\/uploads\/2026\/04\/ChatGPT-Image-18-Nis-2026-02_40_42-1000x1000.png 1000w, https:\/\/techsoftyazilim.com.tr\/wp-content\/uploads\/2026\/04\/ChatGPT-Image-18-Nis-2026-02_40_42-800x800.png 800w\" sizes=\"auto, (max-width: 1024px) 100vw, 1024px\" \/><\/figure>\n<\/div>\n\n\n<p><strong>Likom Presto XL Sat\u0131n Alma Yaz\u0131l\u0131m\u0131 ile;<\/strong><\/p>\n\n\n\n<ul class=\"wp-block-list\">\n<li>Sat\u0131n alma Talepleri, Tedarik\u00e7ilerden al\u0131nan Teklifler ve Verilen Sipari\u015fler ayr\u0131nt\u0131l\u0131 olarak izlenir,<\/li>\n\n\n\n<li>Hizmet ve stok kartlar\u0131 ile ilgili sipari\u015flere ait al\u0131\u015f irsaliyeler ve al\u0131\u015f faturalar\u0131n\u0131n takibi yap\u0131l\u0131r,<\/li>\n\n\n\n<li>T\u00fcm belgelerdeki tek bir d\u00f6viz kuru ile belge ba\u015fl\u0131\u011f\u0131nda ya da bir belgede yer alan sat\u0131rlarda farkl\u0131 d\u00f6viz kurlar\u0131 ile i\u015flem yap\u0131labilir,<\/li>\n\n\n\n<li>Al\u0131m hareketi s\u0131ras\u0131nda yada daha sonra ortaya \u00e7\u0131kan ithalat, nakliye ve buna benzer di\u011fer \u00e7e\u015fitli masraflar\u0131n\u0131n tek tek yada toplu olarak al\u0131\u015f maliyetine yans\u0131t\u0131l\u0131r,<\/li>\n\n\n\n<li>Asgari-azami stok seviyeleri ve optimum sipari\u015f edilme miktarlar\u0131 izlenerek en etkin kaynak y\u00f6netimi sa\u011flan\u0131r,<\/li>\n\n\n\n<li>Stoklar\u0131n g\u00fcncel olarak izlenmesi, sipari\u015f \u00f6deme ko\u015fullar\u0131 ve bunlar\u0131n hangi stok hareketleri ile kar\u015f\u0131land\u0131\u011f\u0131n\u0131n ayr\u0131nt\u0131l\u0131 olarak takibi yap\u0131l\u0131r,<\/li>\n\n\n\n<li>El terminali ile depolanan sipari\u015f ya da mal al\u0131m\u0131 hareketlerinin sisteme otomatik entegrasyonu yap\u0131l\u0131r, kullan\u0131c\u0131 sipari\u015f onay i\u015flemleri ile sipari\u015f verilmesi kontrol alt\u0131na al\u0131n\u0131r,<\/li>\n\n\n\n<li>Al\u0131m hareketlerine \u00f6zel kodlar tan\u0131mlanarak proje baz\u0131nda ve \u015fube baz\u0131nda takibi yap\u0131labilir,<\/li>\n\n\n\n<li>Al\u0131m i\u015flemleri ile ilgili fiyat fark\u0131, vade fark\u0131 ve kur fark\u0131 faturalar\u0131 d\u00fczenlenebilir,<\/li>\n\n\n\n<li>Harita \u00fczerinden sat\u0131n alma yap\u0131lan tedarik\u00e7iler, \u00fcr\u00fcnler ve \u015fehirlerin ayr\u0131nt\u0131l\u0131 olarak takibi sa\u011flan\u0131r.<\/li>\n<\/ul>\n","protected":false},"excerpt":{"rendered":"<p>Likom Presto XL Sat\u0131n Alma Yaz\u0131l\u0131m\u0131 ile;<\/p>\n","protected":false},"author":1,"featured_media":0,"parent":0,"menu_order":0,"comment_status":"closed","ping_status":"closed","template":"","meta":{"footnotes":""},"class_list":["post-6167","page","type-page","status-publish"],"_links":{"self":[{"href":"https:\/\/techsoftyazilim.com.tr\/index.php\/wp-json\/wp\/v2\/pages\/6167","targetHints":{"allow":["GET"]}}],"collection":[{"href":"https:\/\/techsoftyazilim.com.tr\/index.php\/wp-json\/wp\/v2\/pages"}],"about":[{"href":"https:\/\/techsoftyazilim.com.tr\/index.php\/wp-json\/wp\/v2\/types\/page"}],"author":[{"embeddable":true,"href":"https:\/\/techsoftyazilim.com.tr\/index.php\/wp-json\/wp\/v2\/users\/1"}],"replies":[{"embeddable":true,"href":"https:\/\/techsoftyazilim.com.tr\/index.php\/wp-json\/wp\/v2\/comments?post=6167"}],"version-history":[{"count":6,"href":"https:\/\/techsoftyazilim.com.tr\/index.php\/wp-json\/wp\/v2\/pages\/6167\/revisions"}],"predecessor-version":[{"id":6187,"href":"https:\/\/techsoftyazilim.com.tr\/index.php\/wp-json\/wp\/v2\/pages\/6167\/revisions\/6187"}],"wp:attachment":[{"href":"https:\/\/techsoftyazilim.com.tr\/index.php\/wp-json\/wp\/v2\/media?parent=6167"}],"curies":[{"name":"wp","href":"https:\/\/api.w.org\/{rel}","templated":true}]}}