{"id":6179,"date":"2026-04-17T23:28:27","date_gmt":"2026-04-17T23:28:27","guid":{"rendered":"https:\/\/techsoftyazilim.com.tr\/?page_id=6179"},"modified":"2026-04-17T23:28:28","modified_gmt":"2026-04-17T23:28:28","slug":"uretim-planlama-yazilimi","status":"publish","type":"page","link":"https:\/\/techsoftyazilim.com.tr\/index.php\/uretim-planlama-yazilimi\/","title":{"rendered":"\u00dcretim Planlama Yaz\u0131l\u0131m\u0131"},"content":{"rendered":"<div class=\"wp-block-image\">\n<figure class=\"aligncenter size-large is-resized\"><img loading=\"lazy\" decoding=\"async\" width=\"1024\" height=\"971\" src=\"https:\/\/techsoftyazilim.com.tr\/wp-content\/uploads\/2026\/04\/ChatGPT-Image-18-Nis-2026-02_24_41-1024x971.png\" alt=\"\" class=\"wp-image-6180\" style=\"aspect-ratio:1.0548829543001785;width:512px;height:auto\" srcset=\"https:\/\/techsoftyazilim.com.tr\/wp-content\/uploads\/2026\/04\/ChatGPT-Image-18-Nis-2026-02_24_41-1024x971.png 1024w, https:\/\/techsoftyazilim.com.tr\/wp-content\/uploads\/2026\/04\/ChatGPT-Image-18-Nis-2026-02_24_41-300x284.png 300w, https:\/\/techsoftyazilim.com.tr\/wp-content\/uploads\/2026\/04\/ChatGPT-Image-18-Nis-2026-02_24_41-768x728.png 768w, https:\/\/techsoftyazilim.com.tr\/wp-content\/uploads\/2026\/04\/ChatGPT-Image-18-Nis-2026-02_24_41.png 1288w\" sizes=\"auto, (max-width: 1024px) 100vw, 1024px\" \/><\/figure>\n<\/div>\n\n\n<p><\/p>\n\n\n\n<h2 class=\"wp-block-heading\">\u00dcretim Planlama Yaz\u0131l\u0131m\u0131<\/h2>\n\n\n\n<ul class=\"wp-block-list\">\n<li>\u00dcr\u00fcn ve ara \u00fcr\u00fcn, hammadde, sarf malzemesi, alternatif \u00fcr\u00fcn bilgileri tan\u0131mlanarak \u00dcr\u00fcn A\u011fa\u00e7lar\u0131, \u0130\u015f Merkezleri, \u00dcretim<\/li>\n\n\n\n<li>Operasyonlar\u0131, Rotalar ve Tezgahlar tan\u0131mlan\u0131r,<\/li>\n\n\n\n<li>Tek tek ya da toplu olarak i\u015f emri olu\u015fturulabilir, i\u015f emri baz\u0131nda \u00fcr\u00fcn a\u011fa\u00e7lar\u0131 ve operasyonlar \u00f6zelle\u015ftirilebilir ve i\u015f emri baz\u0131nda izlenir,<\/li>\n\n\n\n<li>Standart \u00fcretimin d\u0131\u015f\u0131nda \u00fcretilecek \u00fcr\u00fcnlerin \u00fcr\u00fcn a\u011fac\u0131n\u0131n ara \u00fcr\u00fcn, hammadde miktarlar\u0131nda yap\u0131lacak olas\u0131 de\u011fi\u015fiklikler<\/li>\n\n\n\n<li>\u00dcr\u00fcn A\u011fa\u00e7lar\u0131 de\u011fi\u015ftirilmeden i\u015f emrinin i\u00e7inde yap\u0131labilir,<\/li>\n\n\n\n<li>Tezgah maliyetleri ayr\u0131nt\u0131l\u0131 izlenebilir,<\/li>\n\n\n\n<li>Ayr\u0131nt\u0131l\u0131 Malzeme \u0130htiya\u00e7 Planlamas\u0131 yap\u0131labilir,<\/li>\n\n\n\n<li>Toplu i\u015f emri olu\u015fturulabilir, tek tek ya da toplu olarak i\u015f emri ger\u00e7ekle\u015fme hareketleri yap\u0131labilir,<\/li>\n\n\n\n<li>\u00dcr\u00fcnlerin \u00fcr\u00fcn ve ara \u00fcr\u00fcn maliyetleri istenilen ayr\u0131nt\u0131da hesaplan\u0131r ve izlenir, Endirekt maliyetler da\u011f\u0131l\u0131m anahtar\u0131 ya da belirtilen katsay\u0131lar ile \u00fcr\u00fcn maliyetlerine yans\u0131t\u0131l\u0131r,<\/li>\n\n\n\n<li>\u00dcretim s\u00fcre\u00e7 girdi ( Hammadde, Yard\u0131mc\u0131 Malzeme vb. ) ve \u00e7\u0131kt\u0131lar\u0131 (\u00dcr\u00fcn, Ara \u00dcr\u00fcn, Fire vb.)anl\u0131k ve ayr\u0131nt\u0131l\u0131 olarak izlenir,<\/li>\n\n\n\n<li>Talep ve sipari\u015fler i\u015femrine ba\u011flanabilir ve \u00fcretim talebinden i\u015f emri olu\u015fturulmas\u0131,<\/li>\n\n\n\n<li>\u00dcr\u00fcn a\u011fac\u0131 i\u00e7indeki yar\u0131 mamullerin i\u015f emri s\u00fcrecinde seviyeli olarak otomatik a\u00e7\u0131l\u0131r,<\/li>\n\n\n\n<li>Maliyet muhasebesi kay\u0131tlar\u0131 otomatik ger\u00e7ekle\u015ftirilir,<\/li>\n\n\n\n<li>Fason, Mamul ve Hammadde fire takibi detayl\u0131 yap\u0131l\u0131r.<\/li>\n<\/ul>\n","protected":false},"excerpt":{"rendered":"<p>\u00dcretim Planlama Yaz\u0131l\u0131m\u0131<\/p>\n","protected":false},"author":1,"featured_media":0,"parent":0,"menu_order":0,"comment_status":"closed","ping_status":"closed","template":"","meta":{"footnotes":""},"class_list":["post-6179","page","type-page","status-publish"],"_links":{"self":[{"href":"https:\/\/techsoftyazilim.com.tr\/index.php\/wp-json\/wp\/v2\/pages\/6179","targetHints":{"allow":["GET"]}}],"collection":[{"href":"https:\/\/techsoftyazilim.com.tr\/index.php\/wp-json\/wp\/v2\/pages"}],"about":[{"href":"https:\/\/techsoftyazilim.com.tr\/index.php\/wp-json\/wp\/v2\/types\/page"}],"author":[{"embeddable":true,"href":"https:\/\/techsoftyazilim.com.tr\/index.php\/wp-json\/wp\/v2\/users\/1"}],"replies":[{"embeddable":true,"href":"https:\/\/techsoftyazilim.com.tr\/index.php\/wp-json\/wp\/v2\/comments?post=6179"}],"version-history":[{"count":1,"href":"https:\/\/techsoftyazilim.com.tr\/index.php\/wp-json\/wp\/v2\/pages\/6179\/revisions"}],"predecessor-version":[{"id":6181,"href":"https:\/\/techsoftyazilim.com.tr\/index.php\/wp-json\/wp\/v2\/pages\/6179\/revisions\/6181"}],"wp:attachment":[{"href":"https:\/\/techsoftyazilim.com.tr\/index.php\/wp-json\/wp\/v2\/media?parent=6179"}],"curies":[{"name":"wp","href":"https:\/\/api.w.org\/{rel}","templated":true}]}}