{"id":6188,"date":"2026-04-18T00:00:00","date_gmt":"2026-04-18T00:00:00","guid":{"rendered":"https:\/\/techsoftyazilim.com.tr\/?page_id=6188"},"modified":"2026-04-18T00:02:02","modified_gmt":"2026-04-18T00:02:02","slug":"kredi-karti-takip-ve-dinamik-kod-yazilimi","status":"publish","type":"page","link":"https:\/\/techsoftyazilim.com.tr\/index.php\/kredi-karti-takip-ve-dinamik-kod-yazilimi\/","title":{"rendered":"Kredi Kart\u0131 Takip ve Dinamik Kod Yaz\u0131l\u0131m\u0131"},"content":{"rendered":"<div class=\"wp-block-image\">\n<figure class=\"aligncenter size-full is-resized\"><img loading=\"lazy\" decoding=\"async\" width=\"950\" height=\"944\" src=\"https:\/\/techsoftyazilim.com.tr\/wp-content\/uploads\/2026\/04\/Gemini_Generated_Image_evhs28evhs28evhs.png\" alt=\"\" class=\"wp-image-6191\" style=\"aspect-ratio:1.0063646574316736;width:420px;height:auto\" srcset=\"https:\/\/techsoftyazilim.com.tr\/wp-content\/uploads\/2026\/04\/Gemini_Generated_Image_evhs28evhs28evhs.png 950w, https:\/\/techsoftyazilim.com.tr\/wp-content\/uploads\/2026\/04\/Gemini_Generated_Image_evhs28evhs28evhs-300x298.png 300w, https:\/\/techsoftyazilim.com.tr\/wp-content\/uploads\/2026\/04\/Gemini_Generated_Image_evhs28evhs28evhs-150x150.png 150w, https:\/\/techsoftyazilim.com.tr\/wp-content\/uploads\/2026\/04\/Gemini_Generated_Image_evhs28evhs28evhs-768x763.png 768w, https:\/\/techsoftyazilim.com.tr\/wp-content\/uploads\/2026\/04\/Gemini_Generated_Image_evhs28evhs28evhs-100x100.png 100w, https:\/\/techsoftyazilim.com.tr\/wp-content\/uploads\/2026\/04\/Gemini_Generated_Image_evhs28evhs28evhs-140x140.png 140w\" sizes=\"auto, (max-width: 950px) 100vw, 950px\" \/><\/figure>\n<\/div>\n\n\n<p><strong>Likom Presto XL Kredi Kart\u0131 Takip Yaz\u0131l\u0131m\u0131 ile;<\/strong><\/p>\n\n\n\n<ul class=\"wp-block-list\">\n<li>\u00dcye i\u015f yeri anla\u015fmalar\u0131n\u0131n t\u00fcm detay\u0131 ile tan\u0131mlanabilmesi. (Kredi Kart\u0131n\u0131n Bankas\u0131, Kredi Kart\u0131n\u0131n Banka \u015eubesi, Kredi Kart\u0131n\u0131n Ad\u0131,\u00a0 \u00c7al\u0131\u015fma Ko\u015fullar\u0131n\u0131n ge\u00e7erli oldu\u011fu d\u00f6nem, Kredi kart\u0131na ba\u011fl\u0131 olarak yap\u0131labilecek sat\u0131\u015f \u015fekilleri, Blokeli mi \u00e7al\u0131\u015f\u0131l\u0131yor, Sat\u0131\u015f \u015fekline g\u00f6re yap\u0131lacak taksit say\u0131s\u0131, Vadesinden \u00f6nce para \u00e7ekmede bankan\u0131n uygulayaca\u011f\u0131 iskonto oran\u0131, Bankan\u0131n uygulad\u0131\u011f\u0131 komisyon oran\u0131, Puan tan\u0131mlar\u0131),<\/li>\n\n\n\n<li>De\u011fi\u015fen \u00fcye i\u015f yeri anla\u015fmalar\u0131n\u0131n d\u00f6nemsel olarak saklanmas\u0131,<\/li>\n\n\n\n<li>Slip hareketlerinin sat\u0131\u015f s\u0131ras\u0131nda anl\u0131k olarak girilebilmesi ya da g\u00fcn\u00fcn sonunda toplu olarak girilebilmesi,<\/li>\n\n\n\n<li>Sat\u0131\u015f i\u015flemi s\u0131ras\u0131nda banka ve kredi kart\u0131 t\u00fcr\u00fc se\u00e7ilerek yap\u0131lan kredi kart\u0131 sat\u0131\u015flar\u0131n\u0131n saklanmas\u0131,<\/li>\n\n\n\n<li>Herhangi bir anda verilen kriterler itibariyle banka hesab\u0131ndaki kredi kart\u0131 tahsilatlar\u0131n\u0131n ve komisyonlar\u0131n izlenebilmesi.<\/li>\n\n\n\n<li>Vadesi gelen kredi kart\u0131 tahsilatlar\u0131n\u0131n\/\u00f6demesinin otomatik olarak banka mod\u00fcl\u00fcne i\u015flenmesi en kolay \u015fekilde ger\u00e7ekle\u015ftirilir.<\/li>\n<\/ul>\n\n\n\n<p><strong>Likom Presto XL Dinamik Kod Y\u00f6netimi ile;<\/strong><\/p>\n\n\n\n<ul class=\"wp-block-list\">\n<li>Her stok i\u00e7in s\u0131n\u0131rs\u0131z say\u0131da \u00f6zellik tan\u0131m\u0131 yap\u0131lmas\u0131,<\/li>\n\n\n\n<li>Kullan\u0131c\u0131n\u0131n belirledi\u011fi \u00f6zelliklerden otomatik stok kart\u0131 olu\u015fturulmas\u0131,<\/li>\n\n\n\n<li>Sat\u0131n alma ve sat\u0131\u015f pazarlama i\u015flemlerinin her a\u015famas\u0131nda belirtilen \u00f6zellikteki \u00fcr\u00fcne h\u0131zl\u0131 ve kolay ula\u015f\u0131lmas\u0131,<\/li>\n\n\n\n<li>\u00dcr\u00fcnlerin dinamik \u00f6zeliklerine g\u00f6re ayr\u0131nt\u0131l\u0131 olarak raporlanabilmesi,<\/li>\n<\/ul>\n","protected":false},"excerpt":{"rendered":"<p>Likom Presto XL Kredi Kart\u0131 Takip Yaz\u0131l\u0131m\u0131 ile; Likom Presto XL Dinamik Kod Y\u00f6netimi ile;<\/p>\n","protected":false},"author":1,"featured_media":0,"parent":0,"menu_order":0,"comment_status":"closed","ping_status":"closed","template":"","meta":{"footnotes":""},"class_list":["post-6188","page","type-page","status-publish"],"_links":{"self":[{"href":"https:\/\/techsoftyazilim.com.tr\/index.php\/wp-json\/wp\/v2\/pages\/6188","targetHints":{"allow":["GET"]}}],"collection":[{"href":"https:\/\/techsoftyazilim.com.tr\/index.php\/wp-json\/wp\/v2\/pages"}],"about":[{"href":"https:\/\/techsoftyazilim.com.tr\/index.php\/wp-json\/wp\/v2\/types\/page"}],"author":[{"embeddable":true,"href":"https:\/\/techsoftyazilim.com.tr\/index.php\/wp-json\/wp\/v2\/users\/1"}],"replies":[{"embeddable":true,"href":"https:\/\/techsoftyazilim.com.tr\/index.php\/wp-json\/wp\/v2\/comments?post=6188"}],"version-history":[{"count":2,"href":"https:\/\/techsoftyazilim.com.tr\/index.php\/wp-json\/wp\/v2\/pages\/6188\/revisions"}],"predecessor-version":[{"id":6193,"href":"https:\/\/techsoftyazilim.com.tr\/index.php\/wp-json\/wp\/v2\/pages\/6188\/revisions\/6193"}],"wp:attachment":[{"href":"https:\/\/techsoftyazilim.com.tr\/index.php\/wp-json\/wp\/v2\/media?parent=6188"}],"curies":[{"name":"wp","href":"https:\/\/api.w.org\/{rel}","templated":true}]}}