{"id":6195,"date":"2026-04-18T00:06:51","date_gmt":"2026-04-18T00:06:51","guid":{"rendered":"https:\/\/techsoftyazilim.com.tr\/?page_id=6195"},"modified":"2026-04-18T00:06:52","modified_gmt":"2026-04-18T00:06:52","slug":"raporlama-yazilimi","status":"publish","type":"page","link":"https:\/\/techsoftyazilim.com.tr\/index.php\/raporlama-yazilimi\/","title":{"rendered":"Raporlama Yaz\u0131l\u0131m\u0131"},"content":{"rendered":"<div class=\"wp-block-image\">\n<figure class=\"aligncenter size-full is-resized\"><img loading=\"lazy\" decoding=\"async\" width=\"857\" height=\"838\" src=\"https:\/\/techsoftyazilim.com.tr\/wp-content\/uploads\/2026\/04\/Gemini_Generated_Image_lxdfbglxdfbglxdf.png\" alt=\"\" class=\"wp-image-6196\" style=\"aspect-ratio:1.022675391873383;width:407px;height:auto\" srcset=\"https:\/\/techsoftyazilim.com.tr\/wp-content\/uploads\/2026\/04\/Gemini_Generated_Image_lxdfbglxdfbglxdf.png 857w, https:\/\/techsoftyazilim.com.tr\/wp-content\/uploads\/2026\/04\/Gemini_Generated_Image_lxdfbglxdfbglxdf-300x293.png 300w, https:\/\/techsoftyazilim.com.tr\/wp-content\/uploads\/2026\/04\/Gemini_Generated_Image_lxdfbglxdfbglxdf-768x751.png 768w\" sizes=\"auto, (max-width: 857px) 100vw, 857px\" \/><\/figure>\n<\/div>\n\n\n<p><\/p>\n\n\n\n<p>Likom Presto XL \u00e7ok \u00e7e\u015fitli raporlama ( Pratik Anl\u0131k raporlama, 2000\u2019den fazla Standard rapor, Kullan\u0131c\u0131 taraf\u0131ndan tan\u0131mlanabilir Kapsaml\u0131 Raporlama, Microsoft Excel uyumlu Hesap Tablosu ve Y\u00f6netim Paneli) \u00f6zelliklerini i\u00e7ermektedir.<\/p>\n\n\n\n<p>Presto XL Hesap Tablosu\u2019yla;<\/p>\n\n\n\n<ul class=\"wp-block-list\">\n<li>Program bilgisine gerek olmadan MS Excel g\u00f6r\u00fcn\u00fcm\u00fcndeki ortamda size \u00f6zel raporlar haz\u0131rlayabilirsiniz, Bilgisayar\u0131n\u0131zda MS Excel olmasa da \u00e7al\u0131\u015fabilirsiniz,<\/li>\n\n\n\n<li>Ayn\u0131 veritaban\u0131ndaki birden fazla firman\u0131n, farkl\u0131 mod\u00fcllerden veri alarak kar\u015f\u0131la\u015ft\u0131rmal\u0131 raporlar haz\u0131rlayabilirsiniz,<\/li>\n\n\n\n<li>Veriler \u00fczerinde ister aritmetiksel i\u015flemler yapar, isterseniz haz\u0131r gelen form\u00fclleri kullan\u0131rs\u0131n\u0131z. \u0130ster kolon- sat\u0131r g\u00f6r\u00fcn\u00fcml\u00fc raporlar, isterseniz grafikler olu\u015fturulur, sonu\u00e7lar\u0131n\u0131z\u0131 bu \u015fekilde de\u011ferlendirirsiniz.<\/li>\n<\/ul>\n\n\n\n<p>Presto XL Y\u00f6netim Paneli ile;<\/p>\n\n\n\n<ul class=\"wp-block-list\">\n<li>\u0130\u015fletmenin zamana yay\u0131lan t\u00fcm vadeli \u00f6deme ve tahsilatlar\u0131n\u0131n takvim \u00fczerinde g\u00fcnlere g\u00f6re izlenebilmesi ( Fatura, \u00e7ek, Senet, banka kredileri, vadeli mevduatlar, kredi kart\u0131 taksitleri, planlanan \u00f6deme ve tahsilatlar, KDV, Muhtasar ve SSK \u00f6demeleri, vadesi ge\u00e7mi\u015f bor\u00e7 ve alacaklar, kasa ve bankadaki ticari hesaplar vb. )<\/li>\n\n\n\n<li>\u00d6zkaynaklar\u0131n zamana g\u00f6re da\u011f\u0131l\u0131m\u0131n\u0131 inceleyebilme ve nakit ak\u0131m planlama imkan\u0131,<\/li>\n\n\n\n<li>En \u00e7ok sat\u0131lan \u00fcr\u00fcnleri veya en \u00e7ok al\u0131nan \u00fcr\u00fcnleri tutar, miktar ve grafiksel olarak izleyebilme, Harita \u00fczerinde \u015fehirlere g\u00f6re al\u0131\u015f tutarlar\u0131, sat\u0131\u015f tutarlar\u0131, tedarik\u00e7i ve m\u00fc\u015fteri say\u0131lar\u0131n\u0131 analiz edebilme,<\/li>\n<\/ul>\n","protected":false},"excerpt":{"rendered":"<p>Likom Presto XL \u00e7ok \u00e7e\u015fitli raporlama ( Pratik Anl\u0131k raporlama, 2000\u2019den fazla Standard rapor, Kullan\u0131c\u0131&#8230;<\/p>\n","protected":false},"author":1,"featured_media":0,"parent":0,"menu_order":0,"comment_status":"closed","ping_status":"closed","template":"","meta":{"footnotes":""},"class_list":["post-6195","page","type-page","status-publish"],"_links":{"self":[{"href":"https:\/\/techsoftyazilim.com.tr\/index.php\/wp-json\/wp\/v2\/pages\/6195","targetHints":{"allow":["GET"]}}],"collection":[{"href":"https:\/\/techsoftyazilim.com.tr\/index.php\/wp-json\/wp\/v2\/pages"}],"about":[{"href":"https:\/\/techsoftyazilim.com.tr\/index.php\/wp-json\/wp\/v2\/types\/page"}],"author":[{"embeddable":true,"href":"https:\/\/techsoftyazilim.com.tr\/index.php\/wp-json\/wp\/v2\/users\/1"}],"replies":[{"embeddable":true,"href":"https:\/\/techsoftyazilim.com.tr\/index.php\/wp-json\/wp\/v2\/comments?post=6195"}],"version-history":[{"count":1,"href":"https:\/\/techsoftyazilim.com.tr\/index.php\/wp-json\/wp\/v2\/pages\/6195\/revisions"}],"predecessor-version":[{"id":6197,"href":"https:\/\/techsoftyazilim.com.tr\/index.php\/wp-json\/wp\/v2\/pages\/6195\/revisions\/6197"}],"wp:attachment":[{"href":"https:\/\/techsoftyazilim.com.tr\/index.php\/wp-json\/wp\/v2\/media?parent=6195"}],"curies":[{"name":"wp","href":"https:\/\/api.w.org\/{rel}","templated":true}]}}