{"id":6209,"date":"2026-04-18T22:17:35","date_gmt":"2026-04-18T22:17:35","guid":{"rendered":"https:\/\/techsoftyazilim.com.tr\/?page_id=6209"},"modified":"2026-04-18T22:24:20","modified_gmt":"2026-04-18T22:24:20","slug":"genel-muhasebe-ve-butce-yonetimi-yazilimi","status":"publish","type":"page","link":"https:\/\/techsoftyazilim.com.tr\/index.php\/genel-muhasebe-ve-butce-yonetimi-yazilimi\/","title":{"rendered":"Genel Muhasebe ve B\u00fct\u00e7e Y\u00f6netimi Yaz\u0131l\u0131m\u0131"},"content":{"rendered":"<div class=\"wp-block-image\">\n<figure class=\"aligncenter size-full is-resized\"><img loading=\"lazy\" decoding=\"async\" width=\"904\" height=\"867\" src=\"https:\/\/techsoftyazilim.com.tr\/wp-content\/uploads\/2026\/04\/Gemini_Generated_Image_awy929awy929awy9.png\" alt=\"\" class=\"wp-image-6210\" style=\"aspect-ratio:1.0426889582808045;width:318px;height:auto\" srcset=\"https:\/\/techsoftyazilim.com.tr\/wp-content\/uploads\/2026\/04\/Gemini_Generated_Image_awy929awy929awy9.png 904w, https:\/\/techsoftyazilim.com.tr\/wp-content\/uploads\/2026\/04\/Gemini_Generated_Image_awy929awy929awy9-300x288.png 300w, https:\/\/techsoftyazilim.com.tr\/wp-content\/uploads\/2026\/04\/Gemini_Generated_Image_awy929awy929awy9-768x737.png 768w\" sizes=\"auto, (max-width: 904px) 100vw, 904px\" \/><\/figure>\n<\/div>\n\n\n<p>Likom Presto XL Yaz\u0131l\u0131m\u0131 Uluslararas\u0131 genel Kabul G\u00f6rm\u00fc\u015f Muhasebe Standartlar\u0131na ( GAAP), Uluslararas\u0131 Finansal Raporlama Sistemine (UFRS) ve T\u00fcrk Muhasebe Standartlar\u0131na(TMS) uygun olarak \u00e7al\u0131\u015fmaktad\u0131r. Hesap Planlar\u0131 ve Mali Tablolar birden fazla dilde ve d\u00f6viz ile takip edilebilir. Standart Mali Tablolar\u0131n yan\u0131 s\u0131ra istenilen form\u00fcl ve tasar\u0131mda Mali Tablolar kullan\u0131c\u0131 taraf\u0131ndan haz\u0131rlanabilir. Yevmiye Fi\u015fleri Tahsil, Tediye, Mahsup, A\u00e7\u0131l\u0131\u015f ve Kapan\u0131\u015f Fi\u015fleri olarak s\u0131n\u0131fland\u0131r\u0131labilir. Yans\u0131tma ve Bakiye Kapatma \u015fablonlar\u0131 ile Yevmiye fi\u015fleri otomatik olu\u015fturulabilir. Esnek Raporlama yetene\u011fi ile t\u00fcm mali raporlar istenilen formatta kullan\u0131c\u0131 taraf\u0131ndan haz\u0131rlan\u0131p analiz edilebilir.<\/p>\n\n\n\n<p><strong>Likom Presto XL B\u00fct\u00e7e Y\u00f6netimi Yaz\u0131l\u0131m\u0131 ile;<\/strong><\/p>\n\n\n\n<ul class=\"wp-block-list\">\n<li>Muhasebe ve Gelir-Gider Y\u00f6netimi i\u015flemleri i\u00e7in esnek d\u00f6nemli ( 1 Ayl\u0131k, 3 Ayl\u0131k veya Serbest ) b\u00fct\u00e7e d\u00f6nem tan\u0131m\u0131 yapabilme ve bu tan\u0131ml\u0131 b\u00fct\u00e7e d\u00f6nemlerini revize edip blokaj uygulayabilme,<\/li>\n\n\n\n<li>B\u00fct\u00e7e hesap plan\u0131n\u0131 olu\u015fturulmas\u0131, B\u00fct\u00e7e hesap kart\u0131nda form\u00fcl tan\u0131m\u0131 yaparak ilgili b\u00fct\u00e7e hesab\u0131n\u0131 olu\u015fturan muhasebe kodlar\u0131n\u0131n tan\u0131mlanmas\u0131 ile b\u00fct\u00e7e verilerinin otomatik olarak olu\u015fturulabilmesi,<\/li>\n\n\n\n<li>Planlanan ve revize b\u00fct\u00e7e kurlar\u0131n\u0131n girilmesi ve se\u00e7ilecek d\u00f6viz cinsinden b\u00fct\u00e7e hesaplar\u0131n\u0131n izlenmesi,<\/li>\n\n\n\n<li>B\u00fct\u00e7e tan\u0131m\u0131 s\u0131ras\u0131nda tan\u0131mlanan b\u00fct\u00e7enin b\u00fct\u00fcn gelir ya da gider b\u00fct\u00e7esi i\u00e7indeki pay\u0131n\u0131n g\u00f6r\u00fclmesi,,<\/li>\n\n\n\n<li>Tahmini b\u00fct\u00e7e de\u011ferleri ile ger\u00e7ekle\u015fmelerin y\u00fczde ya da oran olarak takip edilmesi,<\/li>\n\n\n\n<li>Planlanan b\u00fct\u00e7e de\u011ferleri ile ger\u00e7ekle\u015fen de\u011ferlerin tutarl\u0131l\u0131klar\u0131 kontrol edilmesi kolayl\u0131kla ger\u00e7ekle\u015ftirilir.<\/li>\n<\/ul>\n","protected":false},"excerpt":{"rendered":"<p>Likom Presto XL Yaz\u0131l\u0131m\u0131 Uluslararas\u0131 genel Kabul G\u00f6rm\u00fc\u015f Muhasebe Standartlar\u0131na ( GAAP), Uluslararas\u0131 Finansal Raporlama&#8230;<\/p>\n","protected":false},"author":1,"featured_media":0,"parent":0,"menu_order":0,"comment_status":"closed","ping_status":"closed","template":"","meta":{"footnotes":""},"class_list":["post-6209","page","type-page","status-publish"],"_links":{"self":[{"href":"https:\/\/techsoftyazilim.com.tr\/index.php\/wp-json\/wp\/v2\/pages\/6209","targetHints":{"allow":["GET"]}}],"collection":[{"href":"https:\/\/techsoftyazilim.com.tr\/index.php\/wp-json\/wp\/v2\/pages"}],"about":[{"href":"https:\/\/techsoftyazilim.com.tr\/index.php\/wp-json\/wp\/v2\/types\/page"}],"author":[{"embeddable":true,"href":"https:\/\/techsoftyazilim.com.tr\/index.php\/wp-json\/wp\/v2\/users\/1"}],"replies":[{"embeddable":true,"href":"https:\/\/techsoftyazilim.com.tr\/index.php\/wp-json\/wp\/v2\/comments?post=6209"}],"version-history":[{"count":3,"href":"https:\/\/techsoftyazilim.com.tr\/index.php\/wp-json\/wp\/v2\/pages\/6209\/revisions"}],"predecessor-version":[{"id":6214,"href":"https:\/\/techsoftyazilim.com.tr\/index.php\/wp-json\/wp\/v2\/pages\/6209\/revisions\/6214"}],"wp:attachment":[{"href":"https:\/\/techsoftyazilim.com.tr\/index.php\/wp-json\/wp\/v2\/media?parent=6209"}],"curies":[{"name":"wp","href":"https:\/\/api.w.org\/{rel}","templated":true}]}}