{"id":6265,"date":"2026-04-24T22:05:29","date_gmt":"2026-04-24T22:05:29","guid":{"rendered":"https:\/\/techsoftyazilim.com.tr\/?page_id=6265"},"modified":"2026-04-24T22:05:30","modified_gmt":"2026-04-24T22:05:30","slug":"e-arsiv","status":"publish","type":"page","link":"https:\/\/techsoftyazilim.com.tr\/index.php\/e-arsiv\/","title":{"rendered":"E-AR\u015e\u0130V"},"content":{"rendered":"\n<p><\/p>\n\n\n\n<p><\/p>\n\n\n\n<p><\/p>\n\n\n\n<p><\/p>\n\n\n\n<p><\/p>\n\n\n\n<p><strong>e-Ar\u015fiv Fatura<\/strong>, faturan\u0131n al\u0131c\u0131s\u0131na iletilecek olan n\u00fcshas\u0131n\u0131n ka\u011f\u0131t ya da elektronik olarak di\u011fer n\u00fcshas\u0131n\u0131n ise elektronik olarak saklanabildi\u011fi uygulamayla birlikte olu\u015fturulan faturalara verilen isimdir.<\/p>\n\n\n\n<p>Bir n\u00fcshas\u0131 ka\u011f\u0131t olan e-Ar\u015fiv Faturan\u0131n al\u0131c\u0131s\u0131na iletimi e-posta, sms gibi y\u00f6ntemlerle yap\u0131labilmekte ve kesilen faturan\u0131n ka\u011f\u0131t faturaya d\u00f6n\u00fc\u015ft\u00fcr\u00fclmesine iste\u011fe ba\u011fl\u0131 olarak m\u00fckellef taraf\u0131ndan karar verilebilmektedir.<\/p>\n\n\n\n<ul class=\"wp-block-list\">\n<li>Olu\u015fturulacak olan e-Ar\u015fiv Fatura g\u00f6rselinde G\u0130B\u2019e ait logonun yer almas\u0131 ve fatura d\u00fczenlenme saatinin belirtilmesi zorunludur.<\/li>\n\n\n\n<li>Elektronik ortamda iletilen faturan\u0131n alt k\u0131sm\u0131na \u201ce-Ar\u015fiv izni kapsam\u0131nda elektronik ortamda iletilmi\u015f\u201d ifadesi yaz\u0131lmal\u0131d\u0131r.<\/li>\n\n\n\n<li>e-Ar\u015fiv Fatura\u2019n\u0131n ka\u011f\u0131t \u00e7\u0131kt\u0131s\u0131n\u0131n al\u0131nmas\u0131 halinde siyah-beyaz \u00e7\u0131kt\u0131 al\u0131nabilir, mono-lazer yazd\u0131r\u0131labilir.<\/li>\n\n\n\n<li>Olu\u015fturulan e-Ar\u015fiv Fatura\u2019n\u0131n irsaliye olarak kullan\u0131lacak olmas\u0131 durumunda e-Ar\u015fiv Fatura g\u00f6rseline \u201c\u0130rsaliye yerine ge\u00e7er\u201d ibaresi eklenerek, fatura irsaliye olarak da kullan\u0131labilir.<\/li>\n<\/ul>\n\n\n\n<h2 class=\"wp-block-heading has-medium-font-size\">&nbsp;Yararlanma Y\u00f6ntemleri Nelerdir?<\/h2>\n\n\n\n<ol class=\"wp-block-list\">\n<li class=\"has-medium-font-size\"><strong>Kendi Bilgi \u0130\u015flem Sistemi\u2019nin Entegrasyonu<\/strong><br>e-Ar\u015fiv Fatura Uygulamas\u0131 i\u00e7in kendi bilgi i\u015flem sistemlerini kullanmak isteyen m\u00fckelleflerin,\u00a0<strong><a href=\"http:\/\/www.efatura.gov.tr\/\" target=\"_blank\" rel=\"noreferrer noopener\">www.efatura.gov.tr<\/a><\/strong>\u00a0adresinde yer alan ba\u015fvuru k\u0131lavuzunda belirtilen ko\u015fullara uygun olarak ba\u015fvuru yap\u0131p kendi sistemlerini entegre edebilirler.<\/li>\n\n\n\n<li class=\"has-medium-font-size\"><strong>\u00d6zel Entegrat\u00f6r<\/strong><br>e-Ar\u015fiv Fatura Uygulamas\u0131 i\u00e7in Ba\u015fkanl\u0131ktan izin alm\u0131\u015f \u00f6zel entegrat\u00f6rlerden biri ile \u00e7al\u0131\u015fmay\u0131 tercih eden m\u00fckellefler, do\u011frudan entegrat\u00f6re ba\u015fvuracaklar ayr\u0131ca Ba\u015fkanl\u0131\u011fa ba\u015fvuruda bulunmayacaklard\u0131r.<\/li>\n<\/ol>\n\n\n\n<h2 class=\"wp-block-heading has-medium-font-size\">&nbsp;Kimler kullanmal\u0131d\u0131r?<\/h2>\n\n\n\n<ul class=\"wp-block-list\">\n<li>e-Fatura uygulamas\u0131na dahil olma zorunlulu\u011fu bulunanlar (10 Milyon TL Ciro ve Tebli\u011fde belirtilen sekt\u00f6rler) ile 19 Ekim 2019 tarihinden \u00f6nce iste\u011fe ba\u011fl\u0131 uygulamaya dahil olmu\u015f olanlar \u2013 01.01.2020<\/li>\n\n\n\n<li>e-Fatura uygulamas\u0131na dahil olma zorunlulu\u011fu getirilenler ( 5 Milyon Ciro ile Tebli\u011fde belirtilen sekt\u00f6rler) ile 19 Ekim 2019 tarihinden sonra e-Fatura uygulamas\u0131na iste\u011fe ba\u011fl\u0131 girenler \u2013 01.07.2020<\/li>\n\n\n\n<li>Arac\u0131 hizmet sa\u011flay\u0131c\u0131lar\u0131, \u0130nternet ortam\u0131nda ilan yay\u0131nlayanlar, \u0130nternet Reklamc\u0131l\u0131\u011f\u0131 Hizmet Arac\u0131lar\u0131 \u2013 01.01.2020 tarihine kadar (2020 ve m\u00fcteakip hesap d\u00f6nemlerinden itibaren bu paragrafta belirtilen i\u015fler ile i\u015ftigal etmek \u00fczere ise ba\u015flayacak m\u00fckelleflerin ise i\u015fe ba\u015flama tarihinden itibaren 3 ay i\u00e7inde)<\/li>\n\n\n\n<li>e-Ar\u015fiv Fatura uygulamas\u0131na dahil olmayan m\u00fckelleflerce d\u00fczenlenecek faturalardan; Vergi m\u00fckellefi olmayanlara d\u00fczenlenen vergiler dahil 30 bin TL ve \u00fczerindeki faturalar ile vergi m\u00fckelleflerine d\u00fczenlenen vergiler dahil 5 bin ve \u00fczeri faturalar\u0131n e-ar\u015fiv fatura olarak d\u00fczenlenmesi \u2013 01.01.2020 (Bu e-ar\u015fiv faturalar G\u0130B taraf\u0131ndan sunulacak e-Belge Portal\u0131 \u00fczerinden d\u00fczenlenecektir, Ayn\u0131 g\u00fcnde ayn\u0131 ki\u015filere d\u00fczenlenen faturalar topluca de\u011ferlendirilecektir.<\/li>\n\n\n\n<li>\u0130nternet \u00fczerinden mal ve hizmet sat\u0131\u015f\u0131 yapan ve 2015 ve m\u00fcteakip hesap d\u00f6nemlerinde br\u00fct sat\u0131\u015f has\u0131latlar\u0131 5 Milyon TL ve \u00fczerinde olan m\u00fckellefler. ilgili hesap d\u00f6nemine ili\u015fkin gelir veya kurumlar vergisi beyannamesinin verilece\u011fi tarihi takip eden hesap d\u00f6neminin ba\u015f\u0131na kadar. internet sat\u0131\u015f yapan ve 2018 y\u0131l\u0131nda 5 milyon TL ve \u00fczerinde has\u0131lat elde edenlerin 01.01.2020 tarihinden itibaren ge\u00e7i\u015f yapmalar\u0131 gerekmektedir.<\/li>\n<\/ul>\n\n\n\n<p><\/p>\n\n\n\n<figure class=\"wp-block-image size-large\"><img loading=\"lazy\" decoding=\"async\" width=\"1024\" height=\"655\" src=\"https:\/\/techsoftyazilim.com.tr\/wp-content\/uploads\/2026\/04\/image-8-1024x655.png\" alt=\"\" class=\"wp-image-6266\" srcset=\"https:\/\/techsoftyazilim.com.tr\/wp-content\/uploads\/2026\/04\/image-8-1024x655.png 1024w, https:\/\/techsoftyazilim.com.tr\/wp-content\/uploads\/2026\/04\/image-8-300x192.png 300w, https:\/\/techsoftyazilim.com.tr\/wp-content\/uploads\/2026\/04\/image-8-768x491.png 768w, https:\/\/techsoftyazilim.com.tr\/wp-content\/uploads\/2026\/04\/image-8.png 1516w\" sizes=\"auto, (max-width: 1024px) 100vw, 1024px\" \/><\/figure>\n","protected":false},"excerpt":{"rendered":"<p>e-Ar\u015fiv Fatura, faturan\u0131n al\u0131c\u0131s\u0131na iletilecek olan n\u00fcshas\u0131n\u0131n ka\u011f\u0131t ya da elektronik olarak di\u011fer n\u00fcshas\u0131n\u0131n ise&#8230;<\/p>\n","protected":false},"author":1,"featured_media":0,"parent":0,"menu_order":0,"comment_status":"closed","ping_status":"closed","template":"","meta":{"footnotes":""},"class_list":["post-6265","page","type-page","status-publish"],"_links":{"self":[{"href":"https:\/\/techsoftyazilim.com.tr\/index.php\/wp-json\/wp\/v2\/pages\/6265","targetHints":{"allow":["GET"]}}],"collection":[{"href":"https:\/\/techsoftyazilim.com.tr\/index.php\/wp-json\/wp\/v2\/pages"}],"about":[{"href":"https:\/\/techsoftyazilim.com.tr\/index.php\/wp-json\/wp\/v2\/types\/page"}],"author":[{"embeddable":true,"href":"https:\/\/techsoftyazilim.com.tr\/index.php\/wp-json\/wp\/v2\/users\/1"}],"replies":[{"embeddable":true,"href":"https:\/\/techsoftyazilim.com.tr\/index.php\/wp-json\/wp\/v2\/comments?post=6265"}],"version-history":[{"count":2,"href":"https:\/\/techsoftyazilim.com.tr\/index.php\/wp-json\/wp\/v2\/pages\/6265\/revisions"}],"predecessor-version":[{"id":6270,"href":"https:\/\/techsoftyazilim.com.tr\/index.php\/wp-json\/wp\/v2\/pages\/6265\/revisions\/6270"}],"wp:attachment":[{"href":"https:\/\/techsoftyazilim.com.tr\/index.php\/wp-json\/wp\/v2\/media?parent=6265"}],"curies":[{"name":"wp","href":"https:\/\/api.w.org\/{rel}","templated":true}]}}