{"id":6280,"date":"2026-04-26T21:03:08","date_gmt":"2026-04-26T21:03:08","guid":{"rendered":"https:\/\/techsoftyazilim.com.tr\/?page_id=6280"},"modified":"2026-04-26T21:25:12","modified_gmt":"2026-04-26T21:25:12","slug":"e-irsaliye","status":"publish","type":"page","link":"https:\/\/techsoftyazilim.com.tr\/index.php\/e-irsaliye\/","title":{"rendered":"E-\u0130rsaliye"},"content":{"rendered":"<div class=\"wp-block-image\">\n<figure class=\"aligncenter size-full is-resized\"><img loading=\"lazy\" decoding=\"async\" width=\"768\" height=\"512\" src=\"https:\/\/techsoftyazilim.com.tr\/wp-content\/uploads\/2026\/04\/ChatGPT-Image-27-Nis-2026-00_23_54.png\" alt=\"\" class=\"wp-image-6291\" style=\"width:561px;height:auto\" srcset=\"https:\/\/techsoftyazilim.com.tr\/wp-content\/uploads\/2026\/04\/ChatGPT-Image-27-Nis-2026-00_23_54.png 768w, https:\/\/techsoftyazilim.com.tr\/wp-content\/uploads\/2026\/04\/ChatGPT-Image-27-Nis-2026-00_23_54-300x200.png 300w\" sizes=\"auto, (max-width: 768px) 100vw, 768px\" \/><\/figure>\n<\/div>\n\n\n<p><\/p>\n\n\n\n<p><strong>e-\u0130rsaliye<\/strong>, ka\u011f\u0131t irsaliye ile ayn\u0131 hukuki niteliklere sahip irsaliyenin elektronik ortamda d\u00fczenlenmi\u015f halidir. \u00d6ncelikle sevk irsaliyesi yerine kullan\u0131lacak ve mal\u0131 teslim alan tarafa iletilecektir. e-\u0130rsaliye\u2019nin ka\u011f\u0131t \u00e7\u0131kt\u0131s\u0131 ise ta\u015f\u0131ma irsaliyesi olarak ara\u00e7ta bulundurulacakt\u0131r. Firmalar aras\u0131 e-\u0130rsaliye d\u00fczenlenebilmesi i\u00e7in hem al\u0131c\u0131 hem de sat\u0131c\u0131 taraf\u0131n e-\u0130rsaliye uygulamas\u0131na kay\u0131tl\u0131 olmas\u0131 gerekmektedir.<\/p>\n\n\n\n<h2 class=\"wp-block-heading\">&nbsp;Yararlanma Y\u00f6ntemleri Nelerdir?<\/h2>\n\n\n\n<ol class=\"wp-block-list\">\n<li>Portal Y\u00f6ntemi<br>e-\u0130rsaliye Uygulamas\u0131na ait temel fonksiyonlar\u0131n internet \u00fczerinden genel kullan\u0131m\u0131n\u0131 sa\u011flamak amac\u0131 ile Ba\u015fkanl\u0131k taraf\u0131ndan olu\u015fturulan ve&nbsp;<a href=\"http:\/\/www.efatura.gov.tr\/\" target=\"_blank\" rel=\"noreferrer noopener\">www.efatura.gov.tr<\/a>&nbsp;internet adresinde hizmete sunulan G\u0130B Portal\u0131 arac\u0131l\u0131\u011f\u0131yla.<\/li>\n\n\n\n<li>Entegrasyon Y\u00f6ntemi<br>M\u00fckelleflerin kendi bilgi i\u015flem sistemlerinin Ba\u015fkanl\u0131k sistemlerine entegrasyonu yoluyla.<\/li>\n\n\n\n<li>\u00d6zel Entegrasyon Y\u00f6ntemi<br>Ba\u015fkanl\u0131ktan izin alm\u0131\u015f \u00f6zel entegrat\u00f6rlerin bilgi i\u015flem sistemleri arac\u0131l\u0131\u011f\u0131yla<\/li>\n<\/ol>\n\n\n\n<p><\/p>\n\n\n\n<figure class=\"wp-block-image size-large\"><img loading=\"lazy\" decoding=\"async\" width=\"1024\" height=\"655\" src=\"https:\/\/techsoftyazilim.com.tr\/wp-content\/uploads\/2026\/04\/image-8-2-1024x655.png\" alt=\"\" class=\"wp-image-6292\" srcset=\"https:\/\/techsoftyazilim.com.tr\/wp-content\/uploads\/2026\/04\/image-8-2-1024x655.png 1024w, https:\/\/techsoftyazilim.com.tr\/wp-content\/uploads\/2026\/04\/image-8-2-300x192.png 300w, https:\/\/techsoftyazilim.com.tr\/wp-content\/uploads\/2026\/04\/image-8-2-768x491.png 768w, https:\/\/techsoftyazilim.com.tr\/wp-content\/uploads\/2026\/04\/image-8-2.png 1516w\" sizes=\"auto, (max-width: 1024px) 100vw, 1024px\" \/><\/figure>\n","protected":false},"excerpt":{"rendered":"<p>e-\u0130rsaliye, ka\u011f\u0131t irsaliye ile ayn\u0131 hukuki niteliklere sahip irsaliyenin elektronik ortamda d\u00fczenlenmi\u015f halidir. \u00d6ncelikle sevk&#8230;<\/p>\n","protected":false},"author":1,"featured_media":0,"parent":0,"menu_order":0,"comment_status":"closed","ping_status":"closed","template":"","meta":{"footnotes":""},"class_list":["post-6280","page","type-page","status-publish"],"_links":{"self":[{"href":"https:\/\/techsoftyazilim.com.tr\/index.php\/wp-json\/wp\/v2\/pages\/6280","targetHints":{"allow":["GET"]}}],"collection":[{"href":"https:\/\/techsoftyazilim.com.tr\/index.php\/wp-json\/wp\/v2\/pages"}],"about":[{"href":"https:\/\/techsoftyazilim.com.tr\/index.php\/wp-json\/wp\/v2\/types\/page"}],"author":[{"embeddable":true,"href":"https:\/\/techsoftyazilim.com.tr\/index.php\/wp-json\/wp\/v2\/users\/1"}],"replies":[{"embeddable":true,"href":"https:\/\/techsoftyazilim.com.tr\/index.php\/wp-json\/wp\/v2\/comments?post=6280"}],"version-history":[{"count":2,"href":"https:\/\/techsoftyazilim.com.tr\/index.php\/wp-json\/wp\/v2\/pages\/6280\/revisions"}],"predecessor-version":[{"id":6293,"href":"https:\/\/techsoftyazilim.com.tr\/index.php\/wp-json\/wp\/v2\/pages\/6280\/revisions\/6293"}],"wp:attachment":[{"href":"https:\/\/techsoftyazilim.com.tr\/index.php\/wp-json\/wp\/v2\/media?parent=6280"}],"curies":[{"name":"wp","href":"https:\/\/api.w.org\/{rel}","templated":true}]}}