{"id":6294,"date":"2026-04-26T21:46:35","date_gmt":"2026-04-26T21:46:35","guid":{"rendered":"https:\/\/techsoftyazilim.com.tr\/?page_id=6294"},"modified":"2026-04-26T21:49:10","modified_gmt":"2026-04-26T21:49:10","slug":"e-defter","status":"publish","type":"page","link":"https:\/\/techsoftyazilim.com.tr\/index.php\/e-defter\/","title":{"rendered":"E-Defter"},"content":{"rendered":"<div class=\"wp-block-image\">\n<figure class=\"aligncenter size-large is-resized\"><img loading=\"lazy\" decoding=\"async\" width=\"1024\" height=\"683\" src=\"https:\/\/techsoftyazilim.com.tr\/wp-content\/uploads\/2026\/04\/ChatGPT-Image-27-Nis-2026-00_38_49-1024x683.png\" alt=\"\" class=\"wp-image-6296\" style=\"aspect-ratio:1.4992888417882142;width:606px;height:auto\" srcset=\"https:\/\/techsoftyazilim.com.tr\/wp-content\/uploads\/2026\/04\/ChatGPT-Image-27-Nis-2026-00_38_49-1024x683.png 1024w, https:\/\/techsoftyazilim.com.tr\/wp-content\/uploads\/2026\/04\/ChatGPT-Image-27-Nis-2026-00_38_49-300x200.png 300w, https:\/\/techsoftyazilim.com.tr\/wp-content\/uploads\/2026\/04\/ChatGPT-Image-27-Nis-2026-00_38_49-768x512.png 768w, https:\/\/techsoftyazilim.com.tr\/wp-content\/uploads\/2026\/04\/ChatGPT-Image-27-Nis-2026-00_38_49-900x600.png 900w, https:\/\/techsoftyazilim.com.tr\/wp-content\/uploads\/2026\/04\/ChatGPT-Image-27-Nis-2026-00_38_49.png 1536w\" sizes=\"auto, (max-width: 1024px) 100vw, 1024px\" \/><\/figure>\n<\/div>\n\n\n<p><\/p>\n\n\n\n<p><strong>e-Defter<\/strong>, kanunen tutulmas\u0131 zorunlu olan yevmiye defteri ve kebir(b\u00fcy\u00fck) defterin elektronik ortamda haz\u0131rlanarak mali m\u00fch\u00fcr ile imzaland\u0131ktan sonra beratlar\u0131n\u0131n Gelir \u0130daresi Ba\u015fkanl\u0131\u011f\u0131\u2019na verildi\u011fi sistemdir. e-Defter ile, defterlerinizi daha h\u0131zl\u0131 ve g\u00fcvenli bir \u015fekilde haz\u0131rlay\u0131p beyan edebilirsiniz.<br>e-Defter uygulamas\u0131 i\u00e7in kullan\u0131lacak yaz\u0131l\u0131m\u0131n Gelir \u0130daresi Ba\u015fkanl\u0131\u011f\u0131\u2019nca onaylanm\u0131\u015f ve Uyumlu yaz\u0131l\u0131mlar sayfas\u0131nda yer alan bir yaz\u0131l\u0131m olmas\u0131 gerekmektedir. Likom Yaz\u0131l\u0131m e-Defter Uygulamas\u0131 da&nbsp;<a href=\"https:\/\/gib.gov.tr\/\" target=\"_blank\" rel=\"noreferrer noopener\"><strong>Gelir \u0130daresi Ba\u015fkanl\u0131\u011f\u0131\u2019nca<\/strong><\/a>&nbsp;onaylanm\u0131\u015f bir yaz\u0131l\u0131md\u0131r.<\/p>\n\n\n<div class=\"wp-block-image\">\n<figure class=\"aligncenter size-large is-resized\"><img loading=\"lazy\" decoding=\"async\" width=\"1024\" height=\"830\" src=\"https:\/\/techsoftyazilim.com.tr\/wp-content\/uploads\/2026\/04\/image-12-1024x830.png\" alt=\"\" class=\"wp-image-6297\" style=\"aspect-ratio:1.2337632533161977;width:526px;height:auto\" srcset=\"https:\/\/techsoftyazilim.com.tr\/wp-content\/uploads\/2026\/04\/image-12-1024x830.png 1024w, https:\/\/techsoftyazilim.com.tr\/wp-content\/uploads\/2026\/04\/image-12-300x243.png 300w, https:\/\/techsoftyazilim.com.tr\/wp-content\/uploads\/2026\/04\/image-12-768x622.png 768w, https:\/\/techsoftyazilim.com.tr\/wp-content\/uploads\/2026\/04\/image-12-1536x1245.png 1536w, https:\/\/techsoftyazilim.com.tr\/wp-content\/uploads\/2026\/04\/image-12.png 1662w\" sizes=\"auto, (max-width: 1024px) 100vw, 1024px\" \/><\/figure>\n<\/div>\n\n\n<p><\/p>\n\n\n\n<h2 class=\"wp-block-heading has-medium-font-size\">&nbsp;e-Defter beratlar\u0131n\u0131n sisteme y\u00fckleme zaman\u0131 nedir?<\/h2>\n\n\n\n<ol class=\"wp-block-list\">\n<li>\u0130lgili ay\u0131 takip eden 3\u2019\u00fcnc\u00fc ay\u0131n sonuna kadar y\u00fcklenmelidir.<\/li>\n\n\n\n<li>Ge\u00e7ici vergi d\u00f6nemlerine ait aylar\u0131n e-defter beratlar\u0131 ge\u00e7ici vergi beyannamesinin verildi\u011fi ay sonuna kadar y\u00fcklenmelidir.<\/li>\n<\/ol>\n\n\n\n<p>e-Defterleri \u00f6zel entegrat\u00f6rler imzalayabilecek olup , e-Defterlerin \u00f6zel entegrat\u00f6rlerde ya da Ba\u015fkanl\u0131\u011f\u0131n bilgi i\u015flem sistemlerinde 01.01.2020 tarihinden itibaren asgari 10 y\u0131l s\u00fcre ile muhafaza edilmesi zorunludur.<\/p>\n\n\n<div class=\"wp-block-image\">\n<figure class=\"aligncenter size-large\"><img loading=\"lazy\" decoding=\"async\" width=\"1024\" height=\"683\" src=\"https:\/\/techsoftyazilim.com.tr\/wp-content\/uploads\/2026\/04\/ChatGPT-Image-27-Nis-2026-00_46_46-1-1024x683.png\" alt=\"\" class=\"wp-image-6299\" srcset=\"https:\/\/techsoftyazilim.com.tr\/wp-content\/uploads\/2026\/04\/ChatGPT-Image-27-Nis-2026-00_46_46-1-1024x683.png 1024w, https:\/\/techsoftyazilim.com.tr\/wp-content\/uploads\/2026\/04\/ChatGPT-Image-27-Nis-2026-00_46_46-1-300x200.png 300w, https:\/\/techsoftyazilim.com.tr\/wp-content\/uploads\/2026\/04\/ChatGPT-Image-27-Nis-2026-00_46_46-1-768x512.png 768w, https:\/\/techsoftyazilim.com.tr\/wp-content\/uploads\/2026\/04\/ChatGPT-Image-27-Nis-2026-00_46_46-1-900x600.png 900w, https:\/\/techsoftyazilim.com.tr\/wp-content\/uploads\/2026\/04\/ChatGPT-Image-27-Nis-2026-00_46_46-1.png 1536w\" sizes=\"auto, (max-width: 1024px) 100vw, 1024px\" \/><\/figure>\n<\/div>\n\n\n<p><\/p>\n\n\n\n<h2 class=\"wp-block-heading has-medium-font-size\">&nbsp;Kimler kullanmal\u0131d\u0131r?<\/h2>\n\n\n\n<ul class=\"wp-block-list\">\n<li>e-Fatura uygulamas\u0131n\u0131 kullanma zorunlulu\u011fu bulunan m\u00fckellefler e-Defter kullanmak zorundad\u0131r<\/li>\n\n\n\n<li>T\u00fcrk Ticaret Kanunu\u2019nun 397\u2019inci maddesinin d\u00f6rd\u00fcnc\u00fc f\u0131kras\u0131 uyar\u0131nca ba\u011f\u0131ms\u0131z denetime tabi \u015firketler e-Defter kullanmak zorundand\u0131r<\/li>\n<\/ul>\n\n\n<div class=\"wp-block-image\">\n<figure class=\"aligncenter size-large\"><img loading=\"lazy\" decoding=\"async\" width=\"1024\" height=\"655\" src=\"https:\/\/techsoftyazilim.com.tr\/wp-content\/uploads\/2026\/04\/image-8-3-1024x655.png\" alt=\"\" class=\"wp-image-6295\" srcset=\"https:\/\/techsoftyazilim.com.tr\/wp-content\/uploads\/2026\/04\/image-8-3-1024x655.png 1024w, https:\/\/techsoftyazilim.com.tr\/wp-content\/uploads\/2026\/04\/image-8-3-300x192.png 300w, https:\/\/techsoftyazilim.com.tr\/wp-content\/uploads\/2026\/04\/image-8-3-768x491.png 768w, https:\/\/techsoftyazilim.com.tr\/wp-content\/uploads\/2026\/04\/image-8-3.png 1516w\" sizes=\"auto, (max-width: 1024px) 100vw, 1024px\" \/><\/figure>\n<\/div>\n\n\n<p><\/p>\n","protected":false},"excerpt":{"rendered":"<p>e-Defter, kanunen tutulmas\u0131 zorunlu olan yevmiye defteri ve kebir(b\u00fcy\u00fck) defterin elektronik ortamda haz\u0131rlanarak mali m\u00fch\u00fcr&#8230;<\/p>\n","protected":false},"author":1,"featured_media":0,"parent":0,"menu_order":0,"comment_status":"closed","ping_status":"closed","template":"","meta":{"footnotes":""},"class_list":["post-6294","page","type-page","status-publish"],"_links":{"self":[{"href":"https:\/\/techsoftyazilim.com.tr\/index.php\/wp-json\/wp\/v2\/pages\/6294","targetHints":{"allow":["GET"]}}],"collection":[{"href":"https:\/\/techsoftyazilim.com.tr\/index.php\/wp-json\/wp\/v2\/pages"}],"about":[{"href":"https:\/\/techsoftyazilim.com.tr\/index.php\/wp-json\/wp\/v2\/types\/page"}],"author":[{"embeddable":true,"href":"https:\/\/techsoftyazilim.com.tr\/index.php\/wp-json\/wp\/v2\/users\/1"}],"replies":[{"embeddable":true,"href":"https:\/\/techsoftyazilim.com.tr\/index.php\/wp-json\/wp\/v2\/comments?post=6294"}],"version-history":[{"count":2,"href":"https:\/\/techsoftyazilim.com.tr\/index.php\/wp-json\/wp\/v2\/pages\/6294\/revisions"}],"predecessor-version":[{"id":6302,"href":"https:\/\/techsoftyazilim.com.tr\/index.php\/wp-json\/wp\/v2\/pages\/6294\/revisions\/6302"}],"wp:attachment":[{"href":"https:\/\/techsoftyazilim.com.tr\/index.php\/wp-json\/wp\/v2\/media?parent=6294"}],"curies":[{"name":"wp","href":"https:\/\/api.w.org\/{rel}","templated":true}]}}